{"id":11,"date":"2025-07-08T17:06:35","date_gmt":"2025-07-08T17:06:35","guid":{"rendered":"https:\/\/losvaguens.com\/index.php\/music\/"},"modified":"2025-07-10T20:09:04","modified_gmt":"2025-07-10T20:09:04","slug":"music","status":"publish","type":"page","link":"https:\/\/losvaguens.com\/index.php\/music\/","title":{"rendered":"M\u00fasica"},"content":{"rendered":"\n<div class=\"wp-block-group alignfull hostinger-ai-our-projects-2 hostinger-ai-fade-up has-black-background-color has-background has-global-padding is-layout-constrained wp-block-group-is-layout-constrained\" data-aos=\"fade-up\">\n<div class=\"wp-block-group alignwide hostinger-ai-fade-up has-global-padding is-content-justification-left is-layout-constrained wp-container-core-group-is-layout-12dd3699 wp-block-group-is-layout-constrained\" data-aos=\"fade-up\">\n<h2 class=\"wp-block-heading has-text-align-left is-style-default hostinger-ai-title has-text-color has-link-color has-poppins-font-family has-x-large-font-size wp-elements-71b7195a092fce8cf6dde0a6dc150fad\" style=\"color:#fcc600;margin-bottom:var(--wp--preset--spacing--30)\"><br><strong>NOVEDADES Y DESTACADOS<\/strong><\/h2>\n<\/div>\n\n\n\n<div class=\"wp-block-group alignwide project-item hostinger-ai-fade-up is-layout-grid wp-container-core-group-is-layout-be66fcb3 wp-block-group-is-layout-grid\" data-aos=\"fade-up\" style=\"padding-top:var(--wp--preset--spacing--40);padding-right:0;padding-bottom:var(--wp--preset--spacing--60);padding-left:0\">\n<div class=\"wp-block-group hostinger-ai-fade-up has-global-padding is-layout-constrained wp-block-group-is-layout-constrained\" data-aos=\"fade-up\">\n<figure class=\"wp-block-image size-full has-custom-border hostinger-ai-project-image hostinger-index-3\"><img loading=\"lazy\" decoding=\"async\" width=\"2560\" height=\"2560\" src=\"https:\/\/losvaguens.com\/wp-content\/uploads\/2025\/07\/vaguens-club-de-oro-portada-oficial-4-scaled.png\" alt=\"\" class=\"wp-image-41\" style=\"border-radius:20px\" srcset=\"https:\/\/losvaguens.com\/wp-content\/uploads\/2025\/07\/vaguens-club-de-oro-portada-oficial-4-scaled.png 2560w, https:\/\/losvaguens.com\/wp-content\/uploads\/2025\/07\/vaguens-club-de-oro-portada-oficial-4-300x300.png 300w, https:\/\/losvaguens.com\/wp-content\/uploads\/2025\/07\/vaguens-club-de-oro-portada-oficial-4-1024x1024.png 1024w, https:\/\/losvaguens.com\/wp-content\/uploads\/2025\/07\/vaguens-club-de-oro-portada-oficial-4-150x150.png 150w, https:\/\/losvaguens.com\/wp-content\/uploads\/2025\/07\/vaguens-club-de-oro-portada-oficial-4-768x768.png 768w, https:\/\/losvaguens.com\/wp-content\/uploads\/2025\/07\/vaguens-club-de-oro-portada-oficial-4-1536x1536.png 1536w, https:\/\/losvaguens.com\/wp-content\/uploads\/2025\/07\/vaguens-club-de-oro-portada-oficial-4-2048x2048.png 2048w\" sizes=\"auto, (max-width: 2560px) 100vw, 2560px\" \/><\/figure>\n<\/div>\n\n\n\n<div class=\"wp-block-group project-item-content hostinger-ai-fade-up wp-container-content-5e2576f9 is-vertical is-content-justification-left is-nowrap is-layout-flex wp-container-core-group-is-layout-cb02dbd6 wp-block-group-is-layout-flex\" data-aos=\"fade-up\" style=\"padding-right:var(--wp--preset--spacing--60);padding-left:var(--wp--preset--spacing--60)\">\n<h2 class=\"wp-block-heading hostinger-ai-project-title has-text-color has-link-color has-poppins-font-family has-x-large-font-size wp-elements-c39893dc71b08e325513c44dc8160d4c\" style=\"color:#fcc600;margin-top:0;margin-right:0;margin-bottom:0;margin-left:0;padding-bottom:var(--wp--preset--spacing--20)\"><strong>Club De Oro<\/strong><\/h2>\n\n\n\n<p class=\"hostinger-ai-project-description has-light-color has-text-color has-link-color has-medium-font-size wp-elements-c944acd6c3c35455db4ce9b8a97e3edb\" style=\"margin-top:0;margin-bottom:var(--wp--preset--spacing--50)\">Club de Oro\u201d es el \u00e1lbum que posiciona a Los Vaguens como la nueva promesa del pop retro mexicano, con hits adictivos, sonido atemporal y una identidad que conquista o\u00eddos y escenarios.<\/p>\n\n\n\n<div class=\"wp-block-buttons is-layout-flex wp-block-buttons-is-layout-flex\">\n<div class=\"wp-block-button has-custom-width wp-block-button__width-100 is-style-fill\"><a class=\"wp-block-button__link has-light-color has-text-color has-background has-link-color has-poppins-font-family has-medium-font-size has-custom-font-size wp-element-button\" href=\"https:\/\/open.spotify.com\/intl-es\/album\/1cfaEQV6j5rGSayzmK8ALS?si=BfgUit22QpiU4VmsqZpZqQ\" style=\"border-style:none;border-width:0px;border-radius:100px;background:linear-gradient(135deg,rgb(252,198,0) 0%,rgb(131,79,5) 99%);padding-top:var(--wp--preset--spacing--30);padding-right:var(--wp--preset--spacing--30);padding-bottom:var(--wp--preset--spacing--30);padding-left:var(--wp--preset--spacing--30)\"><strong>Escuchar Ahora <\/strong><\/a><\/div>\n<\/div>\n\n\n\n<p class=\"hostinger-ai-project-description has-dark-color has-text-color has-link-color has-medium-font-size wp-elements-ea48e88360982bd78a045beaea668d4b\" style=\"margin-top:0;margin-bottom:var(--wp--preset--spacing--50)\"><\/p>\n<\/div>\n<\/div>\n\n\n\n<div class=\"wp-block-group alignwide project-item hostinger-ai-fade-up is-layout-grid wp-container-core-group-is-layout-be66fcb3 wp-block-group-is-layout-grid\" data-aos=\"fade-up\" style=\"padding-top:var(--wp--preset--spacing--40);padding-right:0;padding-bottom:var(--wp--preset--spacing--60);padding-left:0\">\n<div class=\"wp-block-group hostinger-ai-fade-up has-global-padding is-layout-constrained wp-block-group-is-layout-constrained\" data-aos=\"fade-up\">\n<figure class=\"wp-block-image size-full has-custom-border hostinger-ai-project-image hostinger-index-4\"><img loading=\"lazy\" decoding=\"async\" width=\"600\" height=\"600\" src=\"https:\/\/losvaguens.com\/wp-content\/uploads\/2025\/07\/bestiario-2.jpg\" alt=\"\" class=\"wp-image-44\" style=\"border-radius:20px\" srcset=\"https:\/\/losvaguens.com\/wp-content\/uploads\/2025\/07\/bestiario-2.jpg 600w, https:\/\/losvaguens.com\/wp-content\/uploads\/2025\/07\/bestiario-2-300x300.jpg 300w, https:\/\/losvaguens.com\/wp-content\/uploads\/2025\/07\/bestiario-2-150x150.jpg 150w\" sizes=\"auto, (max-width: 600px) 100vw, 600px\" \/><\/figure>\n<\/div>\n\n\n\n<div class=\"wp-block-group project-item-content hostinger-ai-fade-up wp-container-content-5e2576f9 is-vertical is-content-justification-left is-nowrap is-layout-flex wp-container-core-group-is-layout-cb02dbd6 wp-block-group-is-layout-flex\" data-aos=\"fade-up\" style=\"padding-right:var(--wp--preset--spacing--60);padding-left:var(--wp--preset--spacing--60)\">\n<h2 class=\"wp-block-heading hostinger-ai-project-title hostinger-index-1 has-text-color has-link-color has-poppins-font-family has-x-large-font-size wp-elements-48cbeee7c392bd12cb0d3046086ac701\" style=\"color:#fcc600;margin-top:0;margin-right:0;margin-bottom:0;margin-left:0;padding-bottom:var(--wp--preset--spacing--20)\"><strong>Labios Carm\u00edn<\/strong><\/h2>\n\n\n\n<p class=\"hostinger-ai-project-description hostinger-index-1 has-light-color has-text-color has-link-color has-medium-font-size wp-elements-82750f6ad7116272cd30c8b7454391e4\" style=\"margin-top:0;margin-bottom:var(--wp--preset--spacing--50)\">Labios Carm\u00edn\u201d es el hit m\u00e1s escuchado de Los Vaguens con m\u00e1s de 3 millones de streams en Spotify; una balada retro que seduce con nostalgia, elegancia y un sonido inolvidable.<\/p>\n\n\n\n<div class=\"wp-block-buttons is-layout-flex wp-block-buttons-is-layout-flex\">\n<div class=\"wp-block-button\"><a class=\"wp-block-button__link has-light-color has-text-color has-background has-link-color has-poppins-font-family has-medium-font-size has-custom-font-size wp-element-button\" href=\"https:\/\/open.spotify.com\/intl-es\/track\/2zskzzvImqBBqWmPcIUeNa?si=6cd21191586a49f4\" style=\"border-style:none;border-width:0px;background:linear-gradient(135deg,rgb(252,198,0) 0%,rgb(131,79,5) 100%);padding-top:var(--wp--preset--spacing--30);padding-right:var(--wp--preset--spacing--30);padding-bottom:var(--wp--preset--spacing--30);padding-left:var(--wp--preset--spacing--30)\"><strong>Escuchar Ahora<\/strong><\/a><\/div>\n<\/div>\n<\/div>\n<\/div>\n\n\n\n<div class=\"wp-block-group alignwide project-item hostinger-ai-fade-up is-layout-grid wp-container-core-group-is-layout-d462a945 wp-block-group-is-layout-grid\" data-aos=\"fade-up\" style=\"padding-top:var(--wp--preset--spacing--40);padding-right:0;padding-bottom:0;padding-left:0\">\n<div class=\"wp-block-group hostinger-ai-fade-up has-global-padding is-layout-constrained wp-block-group-is-layout-constrained\" data-aos=\"fade-up\">\n<figure class=\"wp-block-image size-full has-custom-border hostinger-ai-project-image hostinger-index-5\"><img loading=\"lazy\" decoding=\"async\" width=\"630\" height=\"630\" src=\"https:\/\/losvaguens.com\/wp-content\/uploads\/2025\/07\/amantes600-2.jpg\" alt=\"\" class=\"wp-image-45\" style=\"border-radius:20px\" srcset=\"https:\/\/losvaguens.com\/wp-content\/uploads\/2025\/07\/amantes600-2.jpg 630w, https:\/\/losvaguens.com\/wp-content\/uploads\/2025\/07\/amantes600-2-300x300.jpg 300w, https:\/\/losvaguens.com\/wp-content\/uploads\/2025\/07\/amantes600-2-150x150.jpg 150w\" sizes=\"auto, (max-width: 630px) 100vw, 630px\" \/><\/figure>\n<\/div>\n\n\n\n<div class=\"wp-block-group project-item-content hostinger-ai-fade-up wp-container-content-5e2576f9 is-vertical is-content-justification-left is-nowrap is-layout-flex wp-container-core-group-is-layout-cb02dbd6 wp-block-group-is-layout-flex\" data-aos=\"fade-up\" style=\"padding-right:var(--wp--preset--spacing--60);padding-left:var(--wp--preset--spacing--60)\">\n<h2 class=\"wp-block-heading hostinger-ai-project-title hostinger-index-2 has-text-color has-link-color has-poppins-font-family has-x-large-font-size wp-elements-8e9871a5042f9ee11380ff85553da913\" style=\"color:#fcc600;margin-top:0;margin-right:0;margin-bottom:0;margin-left:0;padding-bottom:var(--wp--preset--spacing--20)\"><strong>Los Amantes<\/strong><\/h2>\n\n\n\n<p class=\"hostinger-ai-project-description hostinger-index-2 has-light-color has-text-color has-link-color has-medium-font-size wp-elements-057a26a7a4c892ed7db272e95e76a404\" style=\"margin-top:0;margin-bottom:var(--wp--preset--spacing--50)\">Los Amantes\u201d es una de las canciones m\u00e1s queridas de Los Vaguens, con m\u00e1s de 1 mill\u00f3n de reproducciones en Spotify. Una Balada moderno que captura el drama, deseo y pasi\u00f3n y sonido retro del amor eterno.<\/p>\n\n\n\n<div class=\"wp-block-buttons is-layout-flex wp-block-buttons-is-layout-flex\">\n<div class=\"wp-block-button has-custom-width wp-block-button__width-100 is-style-outline is-style-outline--1\"><a class=\"wp-block-button__link has-light-color has-text-color has-background has-link-color has-poppins-font-family has-medium-font-size has-custom-font-size wp-element-button\" href=\"https:\/\/open.spotify.com\/intl-es\/track\/2q6wc5D0jaxOZcycuyllLG?si=322d9683ca244454\" style=\"border-style:none;border-width:0px;background:linear-gradient(135deg,rgb(252,198,0) 2%,rgb(131,79,5) 100%);padding-top:var(--wp--preset--spacing--30);padding-right:var(--wp--preset--spacing--30);padding-bottom:var(--wp--preset--spacing--30);padding-left:var(--wp--preset--spacing--30)\"><strong>Escuchar Ahora<\/strong><\/a><\/div>\n<\/div>\n\n\n\n<p class=\"hostinger-ai-project-description hostinger-index-2 has-dark-color has-text-color has-link-color has-medium-font-size wp-elements-5b644bac838e96b5822c14e5a6c308a1\" style=\"margin-top:0;margin-bottom:var(--wp--preset--spacing--50)\"><\/p>\n<\/div>\n<\/div>\n<\/div>\n\n\n\n<figure class=\"wp-block-embed is-type-video is-provider-youtube wp-block-embed-youtube wp-embed-aspect-4-3 wp-has-aspect-ratio\"><div class=\"wp-block-embed__wrapper\">\n<iframe loading=\"lazy\" title=\"Los Vaguens - Extra\u00f1os (V\u00eddeo Oficial)\" width=\"500\" height=\"375\" src=\"https:\/\/www.youtube.com\/embed\/NdHfBCMR0v4?feature=oembed\" frameborder=\"0\" allow=\"accelerometer; autoplay; clipboard-write; encrypted-media; gyroscope; picture-in-picture; web-share\" referrerpolicy=\"strict-origin-when-cross-origin\" allowfullscreen><\/iframe>\n<\/div><\/figure>\n","protected":false},"excerpt":{"rendered":"<p>NOVEDADES Y DESTACADOS Club De Oro Club de Oro\u201d es el \u00e1lbum que posiciona a Los Vaguens como la nueva promesa del pop retro mexicano, con hits adictivos, sonido atemporal y una identidad que conquista o\u00eddos y escenarios. Labios Carm\u00edn Labios Carm\u00edn\u201d es el hit m\u00e1s escuchado de Los Vaguens con m\u00e1s de 3 millones [&hellip;]<\/p>\n","protected":false},"author":1,"featured_media":0,"parent":0,"menu_order":0,"comment_status":"closed","ping_status":"closed","template":"","meta":{"footnotes":""},"class_list":["post-11","page","type-page","status-publish","hentry"],"yoast_head":"<!-- This site is optimized with the Yoast SEO plugin v27.4 - https:\/\/yoast.com\/product\/yoast-seo-wordpress\/ -->\n<title>M\u00fasica - Los Vaguens<\/title>\n<meta name=\"robots\" content=\"index, follow, max-snippet:-1, max-image-preview:large, max-video-preview:-1\" \/>\n<link rel=\"canonical\" href=\"https:\/\/losvaguens.com\/index.php\/music\/\" \/>\n<meta property=\"og:locale\" content=\"es_MX\" \/>\n<meta property=\"og:type\" content=\"article\" \/>\n<meta property=\"og:title\" content=\"M\u00fasica - Los Vaguens\" \/>\n<meta property=\"og:description\" content=\"NOVEDADES Y DESTACADOS Club De Oro Club de Oro\u201d es el \u00e1lbum que posiciona a Los Vaguens como la nueva promesa del pop retro mexicano, con hits adictivos, sonido atemporal y una identidad que conquista o\u00eddos y escenarios. Labios Carm\u00edn Labios Carm\u00edn\u201d es el hit m\u00e1s escuchado de Los Vaguens con m\u00e1s de 3 millones [&hellip;]\" \/>\n<meta property=\"og:url\" content=\"https:\/\/losvaguens.com\/index.php\/music\/\" \/>\n<meta property=\"og:site_name\" content=\"Los Vaguens\" \/>\n<meta property=\"article:modified_time\" content=\"2025-07-10T20:09:04+00:00\" \/>\n<meta property=\"og:image\" content=\"https:\/\/losvaguens.com\/wp-content\/uploads\/2025\/07\/vaguens-club-de-oro-portada-oficial-4-1024x1024.png\" \/>\n\t<meta property=\"og:image:width\" content=\"1024\" \/>\n\t<meta property=\"og:image:height\" content=\"1024\" \/>\n\t<meta property=\"og:image:type\" content=\"image\/png\" \/>\n<meta name=\"twitter:card\" content=\"summary_large_image\" \/>\n<meta name=\"twitter:label1\" content=\"Tiempo de lectura\" \/>\n\t<meta name=\"twitter:data1\" content=\"2 minutos\" \/>\n<script type=\"application\/ld+json\" class=\"yoast-schema-graph\">{\"@context\":\"https:\\\/\\\/schema.org\",\"@graph\":[{\"@type\":\"WebPage\",\"@id\":\"https:\\\/\\\/losvaguens.com\\\/index.php\\\/music\\\/\",\"url\":\"https:\\\/\\\/losvaguens.com\\\/index.php\\\/music\\\/\",\"name\":\"M\u00fasica - Los Vaguens\",\"isPartOf\":{\"@id\":\"https:\\\/\\\/losvaguens.com\\\/#website\"},\"primaryImageOfPage\":{\"@id\":\"https:\\\/\\\/losvaguens.com\\\/index.php\\\/music\\\/#primaryimage\"},\"image\":{\"@id\":\"https:\\\/\\\/losvaguens.com\\\/index.php\\\/music\\\/#primaryimage\"},\"thumbnailUrl\":\"https:\\\/\\\/losvaguens.com\\\/wp-content\\\/uploads\\\/2025\\\/07\\\/vaguens-club-de-oro-portada-oficial-4-scaled.png\",\"datePublished\":\"2025-07-08T17:06:35+00:00\",\"dateModified\":\"2025-07-10T20:09:04+00:00\",\"breadcrumb\":{\"@id\":\"https:\\\/\\\/losvaguens.com\\\/index.php\\\/music\\\/#breadcrumb\"},\"inLanguage\":\"es\",\"potentialAction\":[{\"@type\":\"ReadAction\",\"target\":[\"https:\\\/\\\/losvaguens.com\\\/index.php\\\/music\\\/\"]}]},{\"@type\":\"ImageObject\",\"inLanguage\":\"es\",\"@id\":\"https:\\\/\\\/losvaguens.com\\\/index.php\\\/music\\\/#primaryimage\",\"url\":\"https:\\\/\\\/losvaguens.com\\\/wp-content\\\/uploads\\\/2025\\\/07\\\/vaguens-club-de-oro-portada-oficial-4-scaled.png\",\"contentUrl\":\"https:\\\/\\\/losvaguens.com\\\/wp-content\\\/uploads\\\/2025\\\/07\\\/vaguens-club-de-oro-portada-oficial-4-scaled.png\",\"width\":2560,\"height\":2560},{\"@type\":\"BreadcrumbList\",\"@id\":\"https:\\\/\\\/losvaguens.com\\\/index.php\\\/music\\\/#breadcrumb\",\"itemListElement\":[{\"@type\":\"ListItem\",\"position\":1,\"name\":\"Inicio\",\"item\":\"https:\\\/\\\/losvaguens.com\\\/\"},{\"@type\":\"ListItem\",\"position\":2,\"name\":\"M\u00fasica\"}]},{\"@type\":\"WebSite\",\"@id\":\"https:\\\/\\\/losvaguens.com\\\/#website\",\"url\":\"https:\\\/\\\/losvaguens.com\\\/\",\"name\":\"Los Vaguens\",\"description\":\"Sitio Web Oficial de Los Vaguens\",\"publisher\":{\"@id\":\"https:\\\/\\\/losvaguens.com\\\/#\\\/schema\\\/person\\\/521d37759784a37c2531573a7a5cf08d\"},\"potentialAction\":[{\"@type\":\"SearchAction\",\"target\":{\"@type\":\"EntryPoint\",\"urlTemplate\":\"https:\\\/\\\/losvaguens.com\\\/?s={search_term_string}\"},\"query-input\":{\"@type\":\"PropertyValueSpecification\",\"valueRequired\":true,\"valueName\":\"search_term_string\"}}],\"inLanguage\":\"es\"},{\"@type\":[\"Person\",\"Organization\"],\"@id\":\"https:\\\/\\\/losvaguens.com\\\/#\\\/schema\\\/person\\\/521d37759784a37c2531573a7a5cf08d\",\"name\":\"losvaguens@gmail.com\",\"image\":{\"@type\":\"ImageObject\",\"inLanguage\":\"es\",\"@id\":\"https:\\\/\\\/losvaguens.com\\\/wp-content\\\/uploads\\\/2025\\\/07\\\/logofavicon.png\",\"url\":\"https:\\\/\\\/losvaguens.com\\\/wp-content\\\/uploads\\\/2025\\\/07\\\/logofavicon.png\",\"contentUrl\":\"https:\\\/\\\/losvaguens.com\\\/wp-content\\\/uploads\\\/2025\\\/07\\\/logofavicon.png\",\"width\":1500,\"height\":1500,\"caption\":\"losvaguens@gmail.com\"},\"logo\":{\"@id\":\"https:\\\/\\\/losvaguens.com\\\/wp-content\\\/uploads\\\/2025\\\/07\\\/logofavicon.png\"},\"sameAs\":[\"https:\\\/\\\/losvaguens.com\"]}]}<\/script>\n<!-- \/ Yoast SEO plugin. -->","yoast_head_json":{"title":"M\u00fasica - Los Vaguens","robots":{"index":"index","follow":"follow","max-snippet":"max-snippet:-1","max-image-preview":"max-image-preview:large","max-video-preview":"max-video-preview:-1"},"canonical":"https:\/\/losvaguens.com\/index.php\/music\/","og_locale":"es_MX","og_type":"article","og_title":"M\u00fasica - Los Vaguens","og_description":"NOVEDADES Y DESTACADOS Club De Oro Club de Oro\u201d es el \u00e1lbum que posiciona a Los Vaguens como la nueva promesa del pop retro mexicano, con hits adictivos, sonido atemporal y una identidad que conquista o\u00eddos y escenarios. Labios Carm\u00edn Labios Carm\u00edn\u201d es el hit m\u00e1s escuchado de Los Vaguens con m\u00e1s de 3 millones [&hellip;]","og_url":"https:\/\/losvaguens.com\/index.php\/music\/","og_site_name":"Los Vaguens","article_modified_time":"2025-07-10T20:09:04+00:00","og_image":[{"width":1024,"height":1024,"url":"https:\/\/losvaguens.com\/wp-content\/uploads\/2025\/07\/vaguens-club-de-oro-portada-oficial-4-1024x1024.png","type":"image\/png"}],"twitter_card":"summary_large_image","twitter_misc":{"Tiempo de lectura":"2 minutos"},"schema":{"@context":"https:\/\/schema.org","@graph":[{"@type":"WebPage","@id":"https:\/\/losvaguens.com\/index.php\/music\/","url":"https:\/\/losvaguens.com\/index.php\/music\/","name":"M\u00fasica - Los Vaguens","isPartOf":{"@id":"https:\/\/losvaguens.com\/#website"},"primaryImageOfPage":{"@id":"https:\/\/losvaguens.com\/index.php\/music\/#primaryimage"},"image":{"@id":"https:\/\/losvaguens.com\/index.php\/music\/#primaryimage"},"thumbnailUrl":"https:\/\/losvaguens.com\/wp-content\/uploads\/2025\/07\/vaguens-club-de-oro-portada-oficial-4-scaled.png","datePublished":"2025-07-08T17:06:35+00:00","dateModified":"2025-07-10T20:09:04+00:00","breadcrumb":{"@id":"https:\/\/losvaguens.com\/index.php\/music\/#breadcrumb"},"inLanguage":"es","potentialAction":[{"@type":"ReadAction","target":["https:\/\/losvaguens.com\/index.php\/music\/"]}]},{"@type":"ImageObject","inLanguage":"es","@id":"https:\/\/losvaguens.com\/index.php\/music\/#primaryimage","url":"https:\/\/losvaguens.com\/wp-content\/uploads\/2025\/07\/vaguens-club-de-oro-portada-oficial-4-scaled.png","contentUrl":"https:\/\/losvaguens.com\/wp-content\/uploads\/2025\/07\/vaguens-club-de-oro-portada-oficial-4-scaled.png","width":2560,"height":2560},{"@type":"BreadcrumbList","@id":"https:\/\/losvaguens.com\/index.php\/music\/#breadcrumb","itemListElement":[{"@type":"ListItem","position":1,"name":"Inicio","item":"https:\/\/losvaguens.com\/"},{"@type":"ListItem","position":2,"name":"M\u00fasica"}]},{"@type":"WebSite","@id":"https:\/\/losvaguens.com\/#website","url":"https:\/\/losvaguens.com\/","name":"Los Vaguens","description":"Sitio Web Oficial de Los Vaguens","publisher":{"@id":"https:\/\/losvaguens.com\/#\/schema\/person\/521d37759784a37c2531573a7a5cf08d"},"potentialAction":[{"@type":"SearchAction","target":{"@type":"EntryPoint","urlTemplate":"https:\/\/losvaguens.com\/?s={search_term_string}"},"query-input":{"@type":"PropertyValueSpecification","valueRequired":true,"valueName":"search_term_string"}}],"inLanguage":"es"},{"@type":["Person","Organization"],"@id":"https:\/\/losvaguens.com\/#\/schema\/person\/521d37759784a37c2531573a7a5cf08d","name":"losvaguens@gmail.com","image":{"@type":"ImageObject","inLanguage":"es","@id":"https:\/\/losvaguens.com\/wp-content\/uploads\/2025\/07\/logofavicon.png","url":"https:\/\/losvaguens.com\/wp-content\/uploads\/2025\/07\/logofavicon.png","contentUrl":"https:\/\/losvaguens.com\/wp-content\/uploads\/2025\/07\/logofavicon.png","width":1500,"height":1500,"caption":"losvaguens@gmail.com"},"logo":{"@id":"https:\/\/losvaguens.com\/wp-content\/uploads\/2025\/07\/logofavicon.png"},"sameAs":["https:\/\/losvaguens.com"]}]}},"_links":{"self":[{"href":"https:\/\/losvaguens.com\/index.php\/wp-json\/wp\/v2\/pages\/11","targetHints":{"allow":["GET"]}}],"collection":[{"href":"https:\/\/losvaguens.com\/index.php\/wp-json\/wp\/v2\/pages"}],"about":[{"href":"https:\/\/losvaguens.com\/index.php\/wp-json\/wp\/v2\/types\/page"}],"author":[{"embeddable":true,"href":"https:\/\/losvaguens.com\/index.php\/wp-json\/wp\/v2\/users\/1"}],"replies":[{"embeddable":true,"href":"https:\/\/losvaguens.com\/index.php\/wp-json\/wp\/v2\/comments?post=11"}],"version-history":[{"count":7,"href":"https:\/\/losvaguens.com\/index.php\/wp-json\/wp\/v2\/pages\/11\/revisions"}],"predecessor-version":[{"id":110,"href":"https:\/\/losvaguens.com\/index.php\/wp-json\/wp\/v2\/pages\/11\/revisions\/110"}],"wp:attachment":[{"href":"https:\/\/losvaguens.com\/index.php\/wp-json\/wp\/v2\/media?parent=11"}],"curies":[{"name":"wp","href":"https:\/\/api.w.org\/{rel}","templated":true}]}}